{"id":141,"date":"2021-11-12T12:06:56","date_gmt":"2021-11-12T12:06:56","guid":{"rendered":"https:\/\/www.luzukdemo.com\/demo\/kitchen-decor\/?page_id=141"},"modified":"2026-02-01T21:11:39","modified_gmt":"2026-02-01T20:11:39","slug":"testimonials","status":"publish","type":"page","link":"https:\/\/crservice.pl\/?page_id=141","title":{"rendered":"Opinie"},"content":{"rendered":"\n                <div class=\"clearfix paddingBot20\"><\/div>\n            <\/div>\n            <div class=\"row\">\n                            <div class=\" \">\n                <div class=\"ht-test-member wow fadeInRight testimonial-home-area\">\n                    <div class=\"test-contentbox\">\n                        <div class=\"test-content\">\n                            <a href=\"https:\/\/share.google\/Xm1hysrBg5kDCjrNd\" target=\"_blank\" rel=\"noopener\">Opinia Google<\/a>\r\n<br>\r\nPe\u0142na profeska. Naprawa komputera za\u0142atwiona szybko i sprawnie. Szybka diagnoza problemu, kontakt i sprawa za\u0142atwiona. Bardzo dzi\u0119kuj\u0119. Szczerze polecam CRservice pana Krzysztofa. Dwie \u0142apki w g\u00f3r\u0119 \ud83d\udc4d\ud83d\udc4d\r\n                        <\/div> \n                        <div class=\"clearfix\"><\/div>\n                        <div class=\"text-designation\">                        <\/div> \n                        <h6 class=\"member-name\">K-PAX 79<\/h6>\n                       \n                    <\/div>\n                     <div class=\"ht-test-member-image\">\n                          <img decoding=\"async\" src=\"https:\/\/crservice.pl\/wp-content\/uploads\/2021\/11\/unnamed.png\" class=\"img-responsive\" alt=\"K-PAX 79\" \/>\n                    <\/div>\n                    <div class=\"clearfix\"><\/div>\n                <\/div>\n\n                <div class=\"testimonial-inner-area\">\n                <div class=\"ht-test-member wow fadeInRight\">\n                     <div class=\"col-md-3 pd-0\">\n                         <div class=\"ht-test-member-image\">\n                              <img decoding=\"async\" src=\"https:\/\/crservice.pl\/wp-content\/uploads\/2021\/11\/unnamed.png\" class=\"img-responsive\" alt=\"K-PAX 79\" \/>\n                        <\/div>\n                    <\/div>\n                    <div class=\"col-md-9 pd-0\">\n                        <div class=\"test-contentbox\">\n                            <div class=\"test-content\">\n                                <a href=\"https:\/\/share.google\/Xm1hysrBg5kDCjrNd\" target=\"_blank\" rel=\"noopener\">Opinia Google<\/a>\r\n<br>\r\nPe\u0142na profeska. Naprawa komputera za\u0142atwiona szybko i sprawnie. Szybka diagnoza problemu, kontakt i sprawa za\u0142atwiona. Bardzo dzi\u0119kuj\u0119. Szczerze polecam CRservice pana Krzysztofa. Dwie \u0142apki w g\u00f3r\u0119 \ud83d\udc4d\ud83d\udc4d\r\n                            <\/div> \n                            <div class=\"clearfix\"><\/div>\n                            <div class=\"text-designation\">                            <\/div> \n                            <h6 class=\"member-name\">K-PAX 79<\/h6>\n                           \n                        <\/div>\n                    <\/div>\n                   \n                    <div class=\"clearfix\"><\/div>\n                <\/div>\n            <\/div>\n            \n            <\/div>\n\n            \n\n                    <div class=\" \">\n                <div class=\"ht-test-member wow fadeInRight testimonial-home-area\">\n                    <div class=\"test-contentbox\">\n                        <div class=\"test-content\">\n                            <a href=\"https:\/\/share.google\/P0cMUhHwr1YVB14fY\" target=\"_blank\" rel=\"noopener\">Opinia Google<\/a>\r\n<br>\r\nKrzysiek to specjalista w swoim fachu. Dobrze, \u017ce s\u0105 na \u015bwiecie ludzie, kt\u00f3rzy reanimuj\u0105 stary sprz\u0119t. Polecam.                        <\/div> \n                        <div class=\"clearfix\"><\/div>\n                        <div class=\"text-designation\">                        <\/div> \n                        <h6 class=\"member-name\">Anna Kowalska<\/h6>\n                       \n                    <\/div>\n                     <div class=\"ht-test-member-image\">\n                          <img decoding=\"async\" src=\"https:\/\/crservice.pl\/wp-content\/uploads\/2021\/11\/unnamed-1.png\" class=\"img-responsive\" alt=\"Anna Kowalska\" \/>\n                    <\/div>\n                    <div class=\"clearfix\"><\/div>\n                <\/div>\n\n                <div class=\"testimonial-inner-area\">\n                <div class=\"ht-test-member wow fadeInRight\">\n                     <div class=\"col-md-3 pd-0\">\n                         <div class=\"ht-test-member-image\">\n                              <img decoding=\"async\" src=\"https:\/\/crservice.pl\/wp-content\/uploads\/2021\/11\/unnamed-1.png\" class=\"img-responsive\" alt=\"Anna Kowalska\" \/>\n                        <\/div>\n                    <\/div>\n                    <div class=\"col-md-9 pd-0\">\n                        <div class=\"test-contentbox\">\n                            <div class=\"test-content\">\n                                <a href=\"https:\/\/share.google\/P0cMUhHwr1YVB14fY\" target=\"_blank\" rel=\"noopener\">Opinia Google<\/a>\r\n<br>\r\nKrzysiek to specjalista w swoim fachu. Dobrze, \u017ce s\u0105 na \u015bwiecie ludzie, kt\u00f3rzy reanimuj\u0105 stary sprz\u0119t. Polecam.                            <\/div> \n                            <div class=\"clearfix\"><\/div>\n                            <div class=\"text-designation\">                            <\/div> \n                            <h6 class=\"member-name\">Anna Kowalska<\/h6>\n                           \n                        <\/div>\n                    <\/div>\n                   \n                    <div class=\"clearfix\"><\/div>\n                <\/div>\n            <\/div>\n            \n            <\/div>\n\n            \n\n                    <div class=\" \">\n                <div class=\"ht-test-member wow fadeInRight testimonial-home-area\">\n                    <div class=\"test-contentbox\">\n                        <div class=\"test-content\">\n                            <a href=\"https:\/\/fixly.pl\/profil\/yomiewvo\" target=\"_blank\">Opinia Fixly<\/a>\r\n<br>\r\nWykonawca o du\u017cej kulturze osobiste, kompetentny i rzeczowy. Instalacja wykonana szybko i fachowo. Nowe \"pomys\u0142y\", kty\u00f3re powsta\u0142y w trakcie prac zrealizowane bez najmniejszego problemu. Polecam z czystym sumieniem.                        <\/div> \n                        <div class=\"clearfix\"><\/div>\n                        <div class=\"text-designation\">                        <\/div> \n                        <h6 class=\"member-name\">Przedszkole Zaczarowana \u0141\u0105ka<\/h6>\n                       \n                    <\/div>\n                     <div class=\"ht-test-member-image\">\n                          <img decoding=\"async\" src=\"https:\/\/crservice.pl\/wp-content\/uploads\/2021\/11\/304868590_5447344711979657_9169154045330843936_n.jpg\" class=\"img-responsive\" alt=\"Przedszkole Zaczarowana \u0141\u0105ka\" \/>\n                    <\/div>\n                    <div class=\"clearfix\"><\/div>\n                <\/div>\n\n                <div class=\"testimonial-inner-area\">\n                <div class=\"ht-test-member wow fadeInRight\">\n                     <div class=\"col-md-3 pd-0\">\n                         <div class=\"ht-test-member-image\">\n                              <img decoding=\"async\" src=\"https:\/\/crservice.pl\/wp-content\/uploads\/2021\/11\/304868590_5447344711979657_9169154045330843936_n.jpg\" class=\"img-responsive\" alt=\"Przedszkole Zaczarowana \u0141\u0105ka\" \/>\n                        <\/div>\n                    <\/div>\n                    <div class=\"col-md-9 pd-0\">\n                        <div class=\"test-contentbox\">\n                            <div class=\"test-content\">\n                                <a href=\"https:\/\/fixly.pl\/profil\/yomiewvo\" target=\"_blank\">Opinia Fixly<\/a>\r\n<br>\r\nWykonawca o du\u017cej kulturze osobiste, kompetentny i rzeczowy. Instalacja wykonana szybko i fachowo. Nowe \"pomys\u0142y\", kty\u00f3re powsta\u0142y w trakcie prac zrealizowane bez najmniejszego problemu. Polecam z czystym sumieniem.                            <\/div> \n                            <div class=\"clearfix\"><\/div>\n                            <div class=\"text-designation\">                            <\/div> \n                            <h6 class=\"member-name\">Przedszkole Zaczarowana \u0141\u0105ka<\/h6>\n                           \n                        <\/div>\n                    <\/div>\n                   \n                    <div class=\"clearfix\"><\/div>\n                <\/div>\n            <\/div>\n            \n            <\/div>\n\n            \n\n                        <div class=\"clearfix paddingBot20\"><\/div>\n            <\/div>\n            <div class=\"row\">\n                            <div class=\" \">\n                <div class=\"ht-test-member wow fadeInRight testimonial-home-area\">\n                    <div class=\"test-contentbox\">\n                        <div class=\"test-content\">\n                            <a href=\"https:\/\/fixly.pl\/profil\/yomiewvo\" target=\"_blank\">Opinia Fixly<\/a>\r\n<br>\r\nPan Krzysztof przywraca wiar\u0119 w ludzi - dawno nie spotka\u0142am cz\u0142owieka kt\u00f3ry tak chce pom\u00f3c, po\u015bwi\u0119ca sw\u00f3j czas \u017ceby dok\u0142adnie rozwik\u0142a\u0107 problem, anga\u017cuje si\u0119 a przy okazji jest bardzo sympatyczny. Polecam z ca\u0142ego serca!                        <\/div> \n                        <div class=\"clearfix\"><\/div>\n                        <div class=\"text-designation\">                        <\/div> \n                        <h6 class=\"member-name\">Jagoda<\/h6>\n                       \n                    <\/div>\n                     <div class=\"ht-test-member-image\">\n                          <img decoding=\"async\" src=\"https:\/\/crservice.pl\/wp-content\/uploads\/2021\/11\/generated-633420-a9b8b3ad99b6be438b8945dd926adc62_2x_s.webp\" class=\"img-responsive\" alt=\"Jagoda\" \/>\n                    <\/div>\n                    <div class=\"clearfix\"><\/div>\n                <\/div>\n\n                <div class=\"testimonial-inner-area\">\n                <div class=\"ht-test-member wow fadeInRight\">\n                     <div class=\"col-md-3 pd-0\">\n                         <div class=\"ht-test-member-image\">\n                              <img decoding=\"async\" src=\"https:\/\/crservice.pl\/wp-content\/uploads\/2021\/11\/generated-633420-a9b8b3ad99b6be438b8945dd926adc62_2x_s.webp\" class=\"img-responsive\" alt=\"Jagoda\" \/>\n                        <\/div>\n                    <\/div>\n                    <div class=\"col-md-9 pd-0\">\n                        <div class=\"test-contentbox\">\n                            <div class=\"test-content\">\n                                <a href=\"https:\/\/fixly.pl\/profil\/yomiewvo\" target=\"_blank\">Opinia Fixly<\/a>\r\n<br>\r\nPan Krzysztof przywraca wiar\u0119 w ludzi - dawno nie spotka\u0142am cz\u0142owieka kt\u00f3ry tak chce pom\u00f3c, po\u015bwi\u0119ca sw\u00f3j czas \u017ceby dok\u0142adnie rozwik\u0142a\u0107 problem, anga\u017cuje si\u0119 a przy okazji jest bardzo sympatyczny. Polecam z ca\u0142ego serca!                            <\/div> \n                            <div class=\"clearfix\"><\/div>\n                            <div class=\"text-designation\">                            <\/div> \n                            <h6 class=\"member-name\">Jagoda<\/h6>\n                           \n                        <\/div>\n                    <\/div>\n                   \n                    <div class=\"clearfix\"><\/div>\n                <\/div>\n            <\/div>\n            \n            <\/div>\n\n            \n\n        \n","protected":false},"excerpt":{"rendered":"","protected":false},"author":1,"featured_media":104,"parent":0,"menu_order":0,"comment_status":"closed","ping_status":"closed","template":"","meta":{"footnotes":""},"class_list":["post-141","page","type-page","status-publish","has-post-thumbnail","hentry"],"_links":{"self":[{"href":"https:\/\/crservice.pl\/index.php?rest_route=\/wp\/v2\/pages\/141","targetHints":{"allow":["GET"]}}],"collection":[{"href":"https:\/\/crservice.pl\/index.php?rest_route=\/wp\/v2\/pages"}],"about":[{"href":"https:\/\/crservice.pl\/index.php?rest_route=\/wp\/v2\/types\/page"}],"author":[{"embeddable":true,"href":"https:\/\/crservice.pl\/index.php?rest_route=\/wp\/v2\/users\/1"}],"replies":[{"embeddable":true,"href":"https:\/\/crservice.pl\/index.php?rest_route=%2Fwp%2Fv2%2Fcomments&post=141"}],"version-history":[{"count":1,"href":"https:\/\/crservice.pl\/index.php?rest_route=\/wp\/v2\/pages\/141\/revisions"}],"predecessor-version":[{"id":2128,"href":"https:\/\/crservice.pl\/index.php?rest_route=\/wp\/v2\/pages\/141\/revisions\/2128"}],"wp:featuredmedia":[{"embeddable":true,"href":"https:\/\/crservice.pl\/index.php?rest_route=\/"}],"wp:attachment":[{"href":"https:\/\/crservice.pl\/index.php?rest_route=%2Fwp%2Fv2%2Fmedia&parent=141"}],"curies":[{"name":"wp","href":"https:\/\/api.w.org\/{rel}","templated":true}]}}