{"id":145,"date":"2021-11-12T12:08:21","date_gmt":"2021-11-12T12:08:21","guid":{"rendered":"https:\/\/www.luzukdemo.com\/demo\/kitchen-decor\/?page_id=145"},"modified":"2026-02-01T21:07:21","modified_gmt":"2026-02-01T20:07:21","slug":"services","status":"publish","type":"page","link":"https:\/\/crservice.pl\/?page_id=145","title":{"rendered":"Us\u0142ugi"},"content":{"rendered":"\n \n            <div class=\"row\">\n            <div class=\"col-md-4 col-sm-6 col-xs-12 fpost\">\n                        \n                <div class=\"featured-post-box wow fadeInLeft\">\n                   \n                    <div class=\"featured-post\">\n                        <a class=\"secondry-bg\" href=\"https:\/\/crservice.pl\/?our-service=computer-assembling\">\n                             <div class=\"featured-icon\">\n                                <span class=\"\"><\/span>\n                            <\/div>\n                        <\/a>\n\n                        <div class=\"featuredcontent-data\">\n                              <a class=\"secondry-bg\" href=\"https:\/\/crservice.pl\/?our-service=computer-assembling\">\n                                <div class=\"featured-img\">\n                                                      \n                                    <img decoding=\"async\" class=\"secondry-bg img-responsive\" src=\"https:\/\/crservice.pl\/wp-content\/uploads\/2021\/11\/po-scaled.png\" alt=\"Serwis Komputer\u00f3w\" \/>\n                                <\/div>\n                                <\/a>\n                        <div class=\"featured-data\">\n                           <h5 class=\"text\">Serwis Komputer\u00f3w<\/h5> \n                            <div class=\"clearfix\"><\/div> \n                            <p>\n                                Profesjonalna diagnostyka, modernizacja podzespo\u0142\u00f3w oraz optymalizacja PC.\u00a0 \u00a0 \u00a0\u00a0                            <\/p>\n                        <\/div>\n                    <\/div>\n                <\/div> \n                           \n                <div class=\"clearfix\"><\/div>          \n            <\/div>\n            <script>\n  jQuery.noConflict();\n  $(function(){\n    function featuredpostboxHeight(){\n      var ht = 0;\n      $('#innerpage-box .featured-post-box').each(function(i){\n        var tHt = $(this).height();\n        if(ht<tHt){\n          ht=tHt;\n        }\n      });\n      $('#innerpage-box .featured-post-box').height(ht+'px');\n    }\n    featuredpostboxHeight();\n  });\n  $( window ).resize(function(){\n    featuredpostboxHeight();\n  });\n<\/script>\n        <\/div>\n         \n            <div class=\"row\">\n            <div class=\"col-md-4 col-sm-6 col-xs-12 fpost\">\n                        \n                <div class=\"featured-post-box wow fadeInLeft\">\n                   \n                    <div class=\"featured-post\">\n                        <a class=\"secondry-bg\" href=\"https:\/\/crservice.pl\/?our-service=data-recovery\">\n                             <div class=\"featured-icon\">\n                                <span class=\"\"><\/span>\n                            <\/div>\n                        <\/a>\n\n                        <div class=\"featuredcontent-data\">\n                              <a class=\"secondry-bg\" href=\"https:\/\/crservice.pl\/?our-service=data-recovery\">\n                                <div class=\"featured-img\">\n                                                      \n                                    <img decoding=\"async\" class=\"secondry-bg img-responsive\" src=\"https:\/\/crservice.pl\/wp-content\/uploads\/2021\/11\/Projekt-bez-nazwy2.png\" alt=\"Monitoring (CCTV)\" \/>\n                                <\/div>\n                                <\/a>\n                        <div class=\"featured-data\">\n                           <h5 class=\"text\">Monitoring (CCTV)<\/h5> \n                            <div class=\"clearfix\"><\/div> \n                            <p>\n                                Projektowanie i monta\u017c system\u00f3w kamer z podgl\u0105dem online.\u00a0 \u00a0 \u00a0 \u00a0 \u00a0 \u00a0 \u00a0 \u00a0 \u00a0 \u00a0 \u00a0\u00a0\r                            <\/p>\n                        <\/div>\n                    <\/div>\n                <\/div> \n                           \n                <div class=\"clearfix\"><\/div>          \n            <\/div>\n            <script>\n  jQuery.noConflict();\n  $(function(){\n    function featuredpostboxHeight(){\n      var ht = 0;\n      $('#innerpage-box .featured-post-box').each(function(i){\n        var tHt = $(this).height();\n        if(ht<tHt){\n          ht=tHt;\n        }\n      });\n      $('#innerpage-box .featured-post-box').height(ht+'px');\n    }\n    featuredpostboxHeight();\n  });\n  $( window ).resize(function(){\n    featuredpostboxHeight();\n  });\n<\/script>\n        <\/div>\n         \n            <div class=\"row\">\n            <div class=\"col-md-4 col-sm-6 col-xs-12 fpost\">\n                        \n                <div class=\"featured-post-box wow fadeInLeft\">\n                   \n                    <div class=\"featured-post\">\n                        <a class=\"secondry-bg\" href=\"https:\/\/crservice.pl\/?our-service=desktop-repairing\">\n                             <div class=\"featured-icon\">\n                                <span class=\"\"><\/span>\n                            <\/div>\n                        <\/a>\n\n                        <div class=\"featuredcontent-data\">\n                              <a class=\"secondry-bg\" href=\"https:\/\/crservice.pl\/?our-service=desktop-repairing\">\n                                <div class=\"featured-img\">\n                                                      \n                                    <img decoding=\"async\" class=\"secondry-bg img-responsive\" src=\"https:\/\/crservice.pl\/wp-content\/uploads\/2021\/11\/539842012_754111914250848_7683375959598744341_n.jpg\" alt=\"Serwis Laptop\u00f3w\" \/>\n                                <\/div>\n                                <\/a>\n                        <div class=\"featured-data\">\n                           <h5 class=\"text\">Serwis Laptop\u00f3w<\/h5> \n                            <div class=\"clearfix\"><\/div> \n                            <p>\n                                Kompleksowa naprawa wszystkich marek, wymiana matryc i naprawa p\u0142yt g\u0142\u00f3wnych.\u00a0\u00a0\r                            <\/p>\n                        <\/div>\n                    <\/div>\n                <\/div> \n                           \n                <div class=\"clearfix\"><\/div>          \n            <\/div>\n            <script>\n  jQuery.noConflict();\n  $(function(){\n    function featuredpostboxHeight(){\n      var ht = 0;\n      $('#innerpage-box .featured-post-box').each(function(i){\n        var tHt = $(this).height();\n        if(ht<tHt){\n          ht=tHt;\n        }\n      });\n      $('#innerpage-box .featured-post-box').height(ht+'px');\n    }\n    featuredpostboxHeight();\n  });\n  $( window ).resize(function(){\n    featuredpostboxHeight();\n  });\n<\/script>\n        <\/div>\n         \n            <div class=\"row\">\n            <div class=\"col-md-4 col-sm-6 col-xs-12 fpost\">\n                        \n                <div class=\"featured-post-box wow fadeInLeft\">\n                   \n                    <div class=\"featured-post\">\n                        <a class=\"secondry-bg\" href=\"https:\/\/crservice.pl\/?our-service=motherboard-repairing\">\n                             <div class=\"featured-icon\">\n                                <span class=\"\"><\/span>\n                            <\/div>\n                        <\/a>\n\n                        <div class=\"featuredcontent-data\">\n                              <a class=\"secondry-bg\" href=\"https:\/\/crservice.pl\/?our-service=motherboard-repairing\">\n                                <div class=\"featured-img\">\n                                                      \n                                    <img decoding=\"async\" class=\"secondry-bg img-responsive\" src=\"https:\/\/crservice.pl\/wp-content\/uploads\/2021\/11\/s2-img.jpg\" alt=\"Serwis Konsol\" \/>\n                                <\/div>\n                                <\/a>\n                        <div class=\"featured-data\">\n                           <h5 class=\"text\">Serwis Konsol<\/h5> \n                            <div class=\"clearfix\"><\/div> \n                            <p>\n                                Profesjonalna naprawa i konserwacja konsol PlayStation oraz Xbox.\u00a0 \u00a0 \u00a0 \u00a0 \u00a0 \u00a0 \u00a0\r\n                            <\/p>\n                        <\/div>\n                    <\/div>\n                <\/div> \n                           \n                <div class=\"clearfix\"><\/div>          \n            <\/div>\n            <script>\n  jQuery.noConflict();\n  $(function(){\n    function featuredpostboxHeight(){\n      var ht = 0;\n      $('#innerpage-box .featured-post-box').each(function(i){\n        var tHt = $(this).height();\n        if(ht<tHt){\n          ht=tHt;\n        }\n      });\n      $('#innerpage-box .featured-post-box').height(ht+'px');\n    }\n    featuredpostboxHeight();\n  });\n  $( window ).resize(function(){\n    featuredpostboxHeight();\n  });\n<\/script>\n        <\/div>\n         \n            <div class=\"row\">\n            <div class=\"col-md-4 col-sm-6 col-xs-12 fpost\">\n                        \n                <div class=\"featured-post-box wow fadeInLeft\">\n                   \n                    <div class=\"featured-post\">\n                        <a class=\"secondry-bg\" href=\"https:\/\/crservice.pl\/?our-service=sales-service\">\n                             <div class=\"featured-icon\">\n                                <span class=\"\"><\/span>\n                            <\/div>\n                        <\/a>\n\n                        <div class=\"featuredcontent-data\">\n                              <a class=\"secondry-bg\" href=\"https:\/\/crservice.pl\/?our-service=sales-service\">\n                                <div class=\"featured-img\">\n                                                      \n                                    <img decoding=\"async\" class=\"secondry-bg img-responsive\" src=\"https:\/\/crservice.pl\/wp-content\/uploads\/2021\/11\/s5-img.jpg\" alt=\"Outsourcing IT\" \/>\n                                <\/div>\n                                <\/a>\n                        <div class=\"featured-data\">\n                           <h5 class=\"text\">Outsourcing IT<\/h5> \n                            <div class=\"clearfix\"><\/div> \n                            <p>\n                                Sta\u0142a opieka informatyczna, oraz wsparcie techniczne dla Twojej firmy.\u00a0 \u00a0 \u00a0 \u00a0 \u00a0                             <\/p>\n                        <\/div>\n                    <\/div>\n                <\/div> \n                           \n                <div class=\"clearfix\"><\/div>          \n            <\/div>\n            <script>\n  jQuery.noConflict();\n  $(function(){\n    function featuredpostboxHeight(){\n      var ht = 0;\n      $('#innerpage-box .featured-post-box').each(function(i){\n        var tHt = $(this).height();\n        if(ht<tHt){\n          ht=tHt;\n        }\n      });\n      $('#innerpage-box .featured-post-box').height(ht+'px');\n    }\n    featuredpostboxHeight();\n  });\n  $( window ).resize(function(){\n    featuredpostboxHeight();\n  });\n<\/script>\n        <\/div>\n         \n            <div class=\"row\">\n            <div class=\"col-md-4 col-sm-6 col-xs-12 fpost\">\n                        \n                <div class=\"featured-post-box wow fadeInLeft\">\n                   \n                    <div class=\"featured-post\">\n                        <a class=\"secondry-bg\" href=\"https:\/\/crservice.pl\/?our-service=networking\">\n                             <div class=\"featured-icon\">\n                                <span class=\"\"><\/span>\n                            <\/div>\n                        <\/a>\n\n                        <div class=\"featuredcontent-data\">\n                              <a class=\"secondry-bg\" href=\"https:\/\/crservice.pl\/?our-service=networking\">\n                                <div class=\"featured-img\">\n                                                      \n                                    <img decoding=\"async\" class=\"secondry-bg img-responsive\" src=\"https:\/\/crservice.pl\/wp-content\/uploads\/2021\/11\/Gemini_Generated_Image_ixe0n2ixe0n2ixe0.png\" alt=\"Instalacje Teletechniczne\" \/>\n                                <\/div>\n                                <\/a>\n                        <div class=\"featured-data\">\n                           <h5 class=\"text\">Instalacje Teletechniczne<\/h5> \n                            <div class=\"clearfix\"><\/div> \n                            <p>\n                                Budowa sieci LAN\/Wi-Fi, okablowanie strukturalne oraz konfiguracja sieci.\u00a0 \u00a0 \u00a0\r\n                            <\/p>\n                        <\/div>\n                    <\/div>\n                <\/div> \n                           \n                <div class=\"clearfix\"><\/div>          \n            <\/div>\n            <script>\n  jQuery.noConflict();\n  $(function(){\n    function featuredpostboxHeight(){\n      var ht = 0;\n      $('#innerpage-box .featured-post-box').each(function(i){\n        var tHt = $(this).height();\n        if(ht<tHt){\n          ht=tHt;\n        }\n      });\n      $('#innerpage-box .featured-post-box').height(ht+'px');\n    }\n    featuredpostboxHeight();\n  });\n  $( window ).resize(function(){\n    featuredpostboxHeight();\n  });\n<\/script>\n        <\/div>\n        \n","protected":false},"excerpt":{"rendered":"","protected":false},"author":1,"featured_media":104,"parent":0,"menu_order":0,"comment_status":"closed","ping_status":"closed","template":"","meta":{"footnotes":""},"class_list":["post-145","page","type-page","status-publish","has-post-thumbnail","hentry"],"_links":{"self":[{"href":"https:\/\/crservice.pl\/index.php?rest_route=\/wp\/v2\/pages\/145","targetHints":{"allow":["GET"]}}],"collection":[{"href":"https:\/\/crservice.pl\/index.php?rest_route=\/wp\/v2\/pages"}],"about":[{"href":"https:\/\/crservice.pl\/index.php?rest_route=\/wp\/v2\/types\/page"}],"author":[{"embeddable":true,"href":"https:\/\/crservice.pl\/index.php?rest_route=\/wp\/v2\/users\/1"}],"replies":[{"embeddable":true,"href":"https:\/\/crservice.pl\/index.php?rest_route=%2Fwp%2Fv2%2Fcomments&post=145"}],"version-history":[{"count":1,"href":"https:\/\/crservice.pl\/index.php?rest_route=\/wp\/v2\/pages\/145\/revisions"}],"predecessor-version":[{"id":2124,"href":"https:\/\/crservice.pl\/index.php?rest_route=\/wp\/v2\/pages\/145\/revisions\/2124"}],"wp:featuredmedia":[{"embeddable":true,"href":"https:\/\/crservice.pl\/index.php?rest_route=\/"}],"wp:attachment":[{"href":"https:\/\/crservice.pl\/index.php?rest_route=%2Fwp%2Fv2%2Fmedia&parent=145"}],"curies":[{"name":"wp","href":"https:\/\/api.w.org\/{rel}","templated":true}]}}